{"id":2,"date":"2014-11-21T04:51:49","date_gmt":"2014-11-21T03:51:49","guid":{"rendered":"http:\/\/localhost\/wordpress-4.0.1\/wordpress\/?page_id=2"},"modified":"2023-07-23T14:52:39","modified_gmt":"2023-07-23T13:52:39","slug":"sample-page","status":"publish","type":"page","link":"https:\/\/pixelnexus.de\/?page_id=2","title":{"rendered":"H\u00e4ufig gestellte Fragen"},"content":{"rendered":"\n<p><strong>Kann man Gastkarten f\u00fcr das Vereinsgew\u00e4sser erwerben?<\/strong><\/p>\n\n\n\n<p>Leider nein, das Fischen am Gew\u00e4sser ist den Mitgliedern vorenthalten.<\/p>\n\n\n\n<p><strong>Wie kann man Mitglied werden?<\/strong><\/p>\n\n\n\n<p>Das h\u00e4ngt von der Art der Mitgliedschaft ab:<br>Prinzipiell muss ein Mitgliedsantrag gestellt werden, \u00fcber den der Vorstand entscheidet.<br><\/p>\n\n\n\n<ul>\n<li>F\u00f6rdermitglied kann jeder werden. Dazu reicht es, einen Mitgliedsantrag zu stellen.<\/li>\n\n\n\n<li>F\u00fcr Heranwachsende bis zum vollendeten 16. Lebensjahre gibt es ebenfalls keine besonderen Voraussetzungen.<\/li>\n\n\n\n<li>Personen, die das 16. Lebensjahr vollendet haben, m\u00fcssen den Nachweis einer Fischereipr\u00fcfung erbringen und einen in Hessen g\u00fcltigen Fischereischein besitzen.<\/li>\n<\/ul>\n","protected":false},"excerpt":{"rendered":"<p>Kann man Gastkarten f\u00fcr das Vereinsgew\u00e4sser erwerben? Leider nein, das Fischen am Gew\u00e4sser ist den Mitgliedern vorenthalten. Wie kann man Mitglied werden? Das h\u00e4ngt von der Art der Mitgliedschaft ab:Prinzipiell &hellip; <a href=\"https:\/\/pixelnexus.de\/?page_id=2\" class=\"more-link\"><span class=\"screen-reader-text\">H\u00e4ufig gestellte Fragen<\/span> weiterlesen <span class=\"meta-nav\">&rarr;<\/span><\/a><\/p>\n","protected":false},"author":1,"featured_media":0,"parent":0,"menu_order":0,"comment_status":"closed","ping_status":"closed","template":"","meta":[],"_links":{"self":[{"href":"https:\/\/pixelnexus.de\/index.php?rest_route=\/wp\/v2\/pages\/2"}],"collection":[{"href":"https:\/\/pixelnexus.de\/index.php?rest_route=\/wp\/v2\/pages"}],"about":[{"href":"https:\/\/pixelnexus.de\/index.php?rest_route=\/wp\/v2\/types\/page"}],"author":[{"embeddable":true,"href":"https:\/\/pixelnexus.de\/index.php?rest_route=\/wp\/v2\/users\/1"}],"replies":[{"embeddable":true,"href":"https:\/\/pixelnexus.de\/index.php?rest_route=%2Fwp%2Fv2%2Fcomments&post=2"}],"version-history":[{"count":3,"href":"https:\/\/pixelnexus.de\/index.php?rest_route=\/wp\/v2\/pages\/2\/revisions"}],"predecessor-version":[{"id":122,"href":"https:\/\/pixelnexus.de\/index.php?rest_route=\/wp\/v2\/pages\/2\/revisions\/122"}],"wp:attachment":[{"href":"https:\/\/pixelnexus.de\/index.php?rest_route=%2Fwp%2Fv2%2Fmedia&parent=2"}],"curies":[{"name":"wp","href":"https:\/\/api.w.org\/{rel}","templated":true}]}}